{"id":708,"date":"2018-02-21T15:51:02","date_gmt":"2018-02-21T14:51:02","guid":{"rendered":"http:\/\/mundo-mainz.de\/en\/?page_id=708"},"modified":"2020-02-10T11:17:38","modified_gmt":"2020-02-10T10:17:38","slug":"zuckercouleur-karamellsirupe","status":"publish","type":"page","link":"https:\/\/mundo-mainz.de\/en\/products\/zuckercouleur-karamellsirupe\/","title":{"rendered":"Zuckercouleur &#038; Karamellsirupe"},"content":{"rendered":"<section class=\"wpb-content-wrapper\">[mk_page_section bg_color=&#8221;#ddd4c1&#8243; bg_repeat=&#8221;no-repeat&#8221; padding_top=&#8221;100&#8243; padding_bottom=&#8221;80&#8243; sidebar=&#8221;sidebar-1&#8243;][vc_column][mk_fancy_title tag_name=&#8221;h1&#8243; color=&#8221;#25396b&#8221; size=&#8221;60&#8243; force_font_size=&#8221;true&#8221; size_tablet=&#8221;40&#8243; size_phone=&#8221;30&#8243; txt_transform=&#8221;capitalize&#8221; letter_spacing=&#8221;1&#8243; margin_bottom=&#8221;0&#8243; font_family=&#8221;Playfair+Display&#8221; font_type=&#8221;google&#8221;]Caramel and burnt sugar syrup[\/mk_fancy_title][\/vc_column][\/mk_page_section][mk_page_section bg_image=&#8221;http:\/\/mundo-mainz.de\/wordpress\/wp-content\/uploads\/2016\/04\/caramel.jpg&#8221; bg_position=&#8221;center center&#8221; bg_repeat=&#8221;no-repeat&#8221; bg_stretch=&#8221;true&#8221; enable_3d=&#8221;true&#8221; video_loop=&#8221;false&#8221; min_height=&#8221;0&#8243; padding_top=&#8221;600&#8243; padding_bottom=&#8221;30&#8243; sidebar=&#8221;sidebar-1&#8243;][vc_column][\/vc_column][\/mk_page_section][vc_row fullwidth=&#8221;true&#8221; fullwidth_content=&#8221;false&#8221; css=&#8221;.vc_custom_1460709480924{background-color: #ffffff !important;}&#8221;][vc_column][mk_padding_divider size=&#8221;120&#8243;][mk_fancy_title tag_name=&#8221;h4&#8243; color=&#8221;#c89c00&#8243; size=&#8221;30&#8243; font_weight=&#8221;bold&#8221; txt_transform=&#8221;none&#8221; letter_spacing=&#8221;1&#8243; margin_bottom=&#8221;0&#8243; font_family=&#8221;Playfair+Display&#8221; font_type=&#8221;google&#8221; align=&#8221;center&#8221;]Your quality manufacturer of food additives.[\/mk_fancy_title][mk_divider style=&#8221;thin_solid&#8221; divider_width=&#8221;custom_width&#8221; custom_width=&#8221;180&#8243; thin_single_color=&#8221;#c89c00&#8243; margin_top=&#8221;15&#8243; margin_bottom=&#8221;70&#8243;][vc_row_inner][vc_column_inner width=&#8221;1\/12&#8243;][\/vc_column_inner][vc_column_inner width=&#8221;10\/12&#8243;][vc_column_text disable_pattern=&#8221;false&#8221; align=&#8221;center&#8221; margin_bottom=&#8221;80&#8243; css=&#8221;.vc_custom_1519224649972{margin-bottom: 80px !important;}&#8221;]Caramels and burnt sugar syrups made by Martin Mundo are characterized by a wide range of possible applications: alcohol-resistant and acid-stable our Caramel and burnt sugars are found in a variety of products in almost every corner of the food industry.<\/p>\n<p>Like all food additives Caramel is also subject to strict monitoring to protect the health of consumers. Recent studies by the European Health Organization (EFSA) and the FAO \/ WHO Expert Committee on Food Additives (JECFA) agree that caramels are safe for human health. This is complemented by specific provisions of the purity of caramels at european level.[\/vc_column_text][\/vc_column_inner][vc_column_inner width=&#8221;1\/12&#8243;][\/vc_column_inner][\/vc_row_inner][vc_column_text disable_pattern=&#8221;false&#8221; margin_bottom=&#8221;80&#8243; el_class=&#8221;table-content&#8221; css=&#8221;.vc_custom_1581329826825{margin-bottom: 80px !important;}&#8221;]\n<table cellspacing=\"0\" cellpadding=\"0\">\n<thead>\n<tr>\n<td class=\"border first\">Article Nr.<\/td>\n<td>Description<\/td>\n<\/tr>\n<\/thead>\n<tbody>\n<tr class=\"subheadline\">\n<td colspan=\"2\">Burnt Sugar Syrups<\/td>\n<\/tr>\n<tr>\n<td class=\"border first\">2500<\/td>\n<td>Burnt Sugar Syrup &#8220;Viktoria&#8221;<\/td>\n<\/tr>\n<tr class=\"odd\">\n<td class=\"border first\">1150<\/td>\n<td>Burnt Sugar Syrup &#8220;AW&#8221;<\/td>\n<\/tr>\n<tr>\n<td class=\"border first\">1140<\/td>\n<td>Burnt Sugar Syrup &#8220;AW&#8221; Type &#8220;P75&#8221;<\/td>\n<\/tr>\n<tr class=\"subheadline\">\n<td colspan=\"2\">Organic Burnt Sugar Syrups<\/td>\n<\/tr>\n<tr>\n<td class=\"border first\">2490<\/td>\n<td>Organic Burnt Sugar Syrup &#8220;Viktoria&#8221;<\/td>\n<\/tr>\n<tr class=\"odd\">\n<td class=\"border first\">1130<\/td>\n<td>Organic Burnt Sugar Syrup &#8220;AW&#8221; Type &#8220;P75&#8221;<\/td>\n<\/tr>\n<tr class=\"subheadline\">\n<td colspan=\"2\">Caramel<\/td>\n<\/tr>\n<tr>\n<td class=\"border first\">1000<\/td>\n<td>Caramel &#8220;Crystal&#8221; food coloring E150a<\/td>\n<\/tr>\n<tr class=\"odd\">\n<td class=\"border first\">1010<\/td>\n<td>Caramel &#8220;Crystal&#8221; Type &#8220;RW&#8221; food coloring E150a<\/td>\n<\/tr>\n<tr>\n<td class=\"border first\">1060<\/td>\n<td>Caramel &#8220;Special&#8221; Type &#8220;RW&#8221; food coloring E150a<\/td>\n<\/tr>\n<tr class=\"subheadline\">\n<td colspan=\"2\">Sugar confectionary<\/td>\n<\/tr>\n<tr>\n<td class=\"border first\">3900<\/td>\n<td>Invert Sugar Syrup<\/td>\n<\/tr>\n<tr class=\"odd\">\n<td class=\"border first\">3902<\/td>\n<td>Glucose<\/td>\n<\/tr>\n<tr>\n<td class=\"border first\">3908<\/td>\n<td>Gravy darkener<\/td>\n<\/tr>\n<\/tbody>\n<\/table>\n[\/vc_column_text][\/vc_column][\/vc_row][mk_page_section bg_image=&#8221;http:\/\/mundo-mainz.de\/wordpress\/wp-content\/uploads\/2016\/04\/caramel.jpg&#8221; bg_repeat=&#8221;no-repeat&#8221; bg_stretch=&#8221;true&#8221; video_color_mask=&#8221;#210200&#8243; min_height=&#8221;526&#8243; js_vertical_centered=&#8221;true&#8221; padding_top=&#8221;30&#8243; el_class=&#8221;newsletter&#8221; sidebar=&#8221;sidebar-1&#8243;][vc_column width=&#8221;1\/6&#8243;][\/vc_column][vc_column width=&#8221;2\/3&#8243;][mk_fancy_title tag_name=&#8221;h4&#8243; color=&#8221;#ffffff&#8221; size=&#8221;36&#8243; force_font_size=&#8221;true&#8221; size_tablet=&#8221;20&#8243; size_phone=&#8221;20&#8243; font_weight=&#8221;400&#8243; txt_transform=&#8221;uppercase&#8221; letter_spacing=&#8221;1&#8243; margin_bottom=&#8221;40&#8243; font_family=&#8221;Playfair+Display&#8221; font_type=&#8221;google&#8221; align=&#8221;center&#8221; el_class=&#8221;white&#8221;]\n<p class=\"p1\">Subscribe to our newsletter and receive current offers and promotions.<\/p>\n[\/mk_fancy_title][vc_column_text css=&#8221;.vc_custom_1511438658173{margin-bottom: 0px !important;}&#8221;]<script>(function() {\n\twindow.mc4wp = window.mc4wp || {\n\t\tlisteners: [],\n\t\tforms: {\n\t\t\ton: function(evt, cb) {\n\t\t\t\twindow.mc4wp.listeners.push(\n\t\t\t\t\t{\n\t\t\t\t\t\tevent   : evt,\n\t\t\t\t\t\tcallback: cb\n\t\t\t\t\t}\n\t\t\t\t);\n\t\t\t}\n\t\t}\n\t}\n})();\n<\/script><!-- Mailchimp for WordPress v4.9.0 - https:\/\/wordpress.org\/plugins\/mailchimp-for-wp\/ --><form id=\"mc4wp-form-1\" class=\"mc4wp-form mc4wp-form-502\" method=\"post\" data-id=\"502\" data-name=\"Newsletter\" ><div class=\"mc4wp-form-fields\"><div class=\"vc_col-sm-12\"><label>Email: <\/label><\/div>\r\n<div class=\"vc_col-sm-8\">\r\n  <input type=\"email\" name=\"EMAIL\" placeholder=\"Email\" required style=\"width:100%;\" \/>\r\n<\/div>\r\n<div class=\"vc_col-sm-4\"><input type=\"submit\" class=\"submit\" value=\"Senden\" style=\"width:100%; border-radius:0;\" \/><\/div>\r\n<div style=\"clear:both;\">\r\n  \r\n<\/div>\r\n<\/div><label style=\"display: none !important;\">Leave this field empty if you're human: <input type=\"text\" name=\"_mc4wp_honeypot\" value=\"\" tabindex=\"-1\" autocomplete=\"off\" \/><\/label><input type=\"hidden\" name=\"_mc4wp_timestamp\" value=\"1777922392\" \/><input type=\"hidden\" name=\"_mc4wp_form_id\" value=\"502\" \/><input type=\"hidden\" name=\"_mc4wp_form_element_id\" value=\"mc4wp-form-1\" \/><div class=\"mc4wp-response\"><\/div><\/form><!-- \/ Mailchimp for WordPress Plugin -->[\/vc_column_text][\/vc_column][vc_column width=&#8221;1\/6&#8243;][\/vc_column][\/mk_page_section][mk_page_section bg_color=&#8221;#936b32&#8243; sidebar=&#8221;sidebar-1&#8243;][vc_column][vc_empty_space height=&#8221;4vw&#8221;][mk_fancy_title tag_name=&#8221;h4&#8243; size=&#8221;28&#8243; font_family=&#8221;none&#8221; align=&#8221;center&#8221; el_class=&#8221;white&#8221;]Martin Mundo is certified![\/mk_fancy_title][vc_row_inner][vc_column_inner width=&#8221;1\/3&#8243;][vc_column_text align=&#8221;center&#8221; el_class=&#8221;white&#8221; css=&#8221;.vc_custom_1519217726648{margin-bottom: 0px !important;}&#8221;]<img decoding=\"async\" src=\"http:\/\/mundo-mainz.de\/images\/pi_bio.png\" alt=\"Seit 2002 zertifiziert nach der EU-\u00d6ko-Verordnung durch die Kontrollstelle DE-\u00d6KO-007 und daher f\u00fcr Sie in Bio- Qualit\u00e4t erh\u00e4ltlich. \" \/><\/p>\n<p>Certified since 2002 according to the EU-Eco-regulation through the control body DE-\u00d6KO-007 and they are available for you in organic quality.[\/vc_column_text][\/vc_column_inner][vc_column_inner width=&#8221;1\/3&#8243;][vc_column_text align=&#8221;center&#8221; el_class=&#8221;white&#8221; css=&#8221;.vc_custom_1519217735423{margin-bottom: 0px !important;}&#8221;]<img decoding=\"async\" src=\"http:\/\/mundo-mainz.de\/images\/pi_kf.png\" alt=\"Unsere Karamell und Zuckercouleure sind durch The Federation of Synagogues Kashrus zertifiziert kosher.\" \/><\/p>\n<p>Our caramel and burnt sugar syrups are certified Kosher by the \u201cThe Federation of Synagogues Kashrus\u201d.[\/vc_column_text][\/vc_column_inner][vc_column_inner width=&#8221;1\/3&#8243;][vc_column_text align=&#8221;center&#8221; el_class=&#8221;white&#8221; css=&#8221;.vc_custom_1519217742768{margin-bottom: 0px !important;}&#8221;]<img decoding=\"async\" src=\"http:\/\/mundo-mainz.de\/images\/preiser_logo.png\" alt=\"Preiser Aromen\" \/><\/p>\n<p>Since 2014 we have the essences of Adolf Preiser \/ Villingen in our offer.[\/vc_column_text][\/vc_column_inner][\/vc_row_inner][\/vc_column][\/mk_page_section]\n<\/section>","protected":false},"excerpt":{"rendered":"<p>[mk_page_section bg_color=&#8221;#ddd4c1&#8243; bg_repeat=&#8221;no-repeat&#8221; padding_top=&#8221;100&#8243; padding_bottom=&#8221;80&#8243; sidebar=&#8221;sidebar-1&#8243;][vc_column][mk_fancy_title tag_name=&#8221;h1&#8243; color=&#8221;#25396b&#8221; size=&#8221;60&#8243; force_font_size=&#8221;true&#8221; size_tablet=&#8221;40&#8243; size_phone=&#8221;30&#8243; txt_transform=&#8221;capitalize&#8221; letter_spacing=&#8221;1&#8243; margin_bottom=&#8221;0&#8243; font_family=&#8221;Playfair+Display&#8221; font_type=&#8221;google&#8221;]Caramel and burnt sugar syrup[\/mk_fancy_title][\/vc_column][\/mk_page_section][mk_page_section bg_image=&#8221;http:\/\/mundo-mainz.de\/wordpress\/wp-content\/uploads\/2016\/04\/caramel.jpg&#8221; bg_position=&#8221;center center&#8221; bg_repeat=&#8221;no-repeat&#8221; bg_stretch=&#8221;true&#8221; enable_3d=&#8221;true&#8221; video_loop=&#8221;false&#8221; min_height=&#8221;0&#8243; padding_top=&#8221;600&#8243; padding_bottom=&#8221;30&#8243; sidebar=&#8221;sidebar-1&#8243;][vc_column][\/vc_column][\/mk_page_section][vc_row fullwidth=&#8221;true&#8221; fullwidth_content=&#8221;false&#8221; css=&#8221;.vc_custom_1460709480924{background-color: #ffffff !important;}&#8221;][vc_column][mk_padding_divider size=&#8221;120&#8243;][mk_fancy_title tag_name=&#8221;h4&#8243; color=&#8221;#c89c00&#8243; size=&#8221;30&#8243; font_weight=&#8221;bold&#8221; txt_transform=&#8221;none&#8221; letter_spacing=&#8221;1&#8243; margin_bottom=&#8221;0&#8243; font_family=&#8221;Playfair+Display&#8221; font_type=&#8221;google&#8221; align=&#8221;center&#8221;]Your quality manufacturer of food additives.[\/mk_fancy_title][mk_divider style=&#8221;thin_solid&#8221; divider_width=&#8221;custom_width&#8221; [&hellip;]<\/p>\n","protected":false},"author":1,"featured_media":0,"parent":695,"menu_order":0,"comment_status":"closed","ping_status":"closed","template":"","meta":[],"_links":{"self":[{"href":"https:\/\/mundo-mainz.de\/en\/wp-json\/wp\/v2\/pages\/708"}],"collection":[{"href":"https:\/\/mundo-mainz.de\/en\/wp-json\/wp\/v2\/pages"}],"about":[{"href":"https:\/\/mundo-mainz.de\/en\/wp-json\/wp\/v2\/types\/page"}],"author":[{"embeddable":true,"href":"https:\/\/mundo-mainz.de\/en\/wp-json\/wp\/v2\/users\/1"}],"replies":[{"embeddable":true,"href":"https:\/\/mundo-mainz.de\/en\/wp-json\/wp\/v2\/comments?post=708"}],"version-history":[{"count":6,"href":"https:\/\/mundo-mainz.de\/en\/wp-json\/wp\/v2\/pages\/708\/revisions"}],"predecessor-version":[{"id":1110,"href":"https:\/\/mundo-mainz.de\/en\/wp-json\/wp\/v2\/pages\/708\/revisions\/1110"}],"up":[{"embeddable":true,"href":"https:\/\/mundo-mainz.de\/en\/wp-json\/wp\/v2\/pages\/695"}],"wp:attachment":[{"href":"https:\/\/mundo-mainz.de\/en\/wp-json\/wp\/v2\/media?parent=708"}],"curies":[{"name":"wp","href":"https:\/\/api.w.org\/{rel}","templated":true}]}}