{"id":704,"date":"2018-02-21T13:56:06","date_gmt":"2018-02-21T12:56:06","guid":{"rendered":"http:\/\/mundo-mainz.de\/en\/?page_id=704"},"modified":"2023-11-23T11:33:52","modified_gmt":"2023-11-23T10:33:52","slug":"alcohols","status":"publish","type":"page","link":"https:\/\/mundo-mainz.de\/en\/products\/alcohols\/","title":{"rendered":"Alcohols"},"content":{"rendered":"<section class=\"wpb-content-wrapper\">[mk_page_section bg_color=&#8221;#ddd4c1&#8243; bg_repeat=&#8221;no-repeat&#8221; padding_top=&#8221;100&#8243; padding_bottom=&#8221;80&#8243; sidebar=&#8221;sidebar-1&#8243;][vc_column][mk_fancy_title tag_name=&#8221;h1&#8243; color=&#8221;#25396b&#8221; size=&#8221;60&#8243; force_font_size=&#8221;true&#8221; size_tablet=&#8221;40&#8243; size_phone=&#8221;30&#8243; txt_transform=&#8221;capitalize&#8221; letter_spacing=&#8221;1&#8243; margin_bottom=&#8221;0&#8243; font_family=&#8221;Playfair+Display&#8221; font_type=&#8221;google&#8221;]Martin Mundo sells Alcohols![\/mk_fancy_title][\/vc_column][\/mk_page_section][mk_page_section bg_image=&#8221;http:\/\/mundo-mainz.de\/wordpress\/wp-content\/uploads\/2016\/04\/alkohole.jpg&#8221; bg_position=&#8221;center center&#8221; bg_repeat=&#8221;no-repeat&#8221; bg_stretch=&#8221;true&#8221; enable_3d=&#8221;true&#8221; min_height=&#8221;0&#8243; padding_top=&#8221;600&#8243; padding_bottom=&#8221;30&#8243; sidebar=&#8221;sidebar-1&#8243;][vc_column][\/vc_column][\/mk_page_section][vc_row fullwidth=&#8221;true&#8221; fullwidth_content=&#8221;false&#8221; css=&#8221;.vc_custom_1460709480924{background-color: #ffffff !important;}&#8221;][vc_column][mk_padding_divider size=&#8221;120&#8243;][mk_fancy_title tag_name=&#8221;h4&#8243; color=&#8221;#c89c00&#8243; size=&#8221;30&#8243; font_weight=&#8221;bold&#8221; txt_transform=&#8221;none&#8221; letter_spacing=&#8221;1&#8243; margin_bottom=&#8221;0&#8243; font_family=&#8221;Playfair+Display&#8221; font_type=&#8221;google&#8221; align=&#8221;center&#8221;]Your Partner for all kinds of alcohols.[\/mk_fancy_title][mk_divider style=&#8221;thin_solid&#8221; divider_width=&#8221;custom_width&#8221; custom_width=&#8221;180&#8243; thin_single_color=&#8221;#c89c00&#8243; margin_top=&#8221;15&#8243; margin_bottom=&#8221;70&#8243;][vc_row_inner][vc_column_inner width=&#8221;1\/12&#8243;][\/vc_column_inner][vc_column_inner width=&#8221;10\/12&#8243;][vc_column_text disable_pattern=&#8221;false&#8221; align=&#8221;center&#8221; margin_bottom=&#8221;80&#8243; css=&#8221;.vc_custom_1629806128947{margin-bottom: 80px !important;}&#8221;]The Martin and Werner Mundo oHG exists since 1971. Since the fall of the spirits monopoly it is operated by us in-house. The company has its headquarter in the same place as the Martin Mundo oHG, and is supplying our customers with all kinds of alcohols.<\/p>\n<p>Alcohol is more than just a stimulant, it is used in medical products, detergents or antifreeze. Martin and Werner Mundo produce the right kind of alcohol for every application. Our alcohol 410 of course meets the standards of the Pharmacopoeia Europaea and may therefore be used in medical devices. We also can offer our alcohol bio-certified by the control body DE-\u00d6KO-007. Our offer also includes all the usual denatured ethanols that we can offer through our dealer network in all special denaturings \u2013 of course in organic quality, too.[\/vc_column_text][\/vc_column_inner][vc_column_inner width=&#8221;1\/12&#8243;][\/vc_column_inner][\/vc_row_inner][vc_column_text css=&#8221;.vc_custom_1700735624948{margin-bottom: 0px !important;}&#8221;]\n<div class=\"table-content\">\n<div class=\"table-content\">\n<table border=\"0\" cellspacing=\"0\" cellpadding=\"0\">\n<thead>\n<tr>\n<td class=\"border first\">Article-Nr.<\/td>\n<td>Description<\/td>\n<td>Minimum alcohol<\/td>\n<td>Safty Data Sheet<\/td>\n<\/tr>\n<\/thead>\n<tbody>\n<tr class=\"subheadline\">\n<td colspan=\"4\">Alcohol<\/td>\n<\/tr>\n<tr>\n<td class=\"border first\">410<\/td>\n<td class=\"border\">Alcohol, undenaturated<\/td>\n<td class=\"border\">96,0% vol.<\/td>\n<td><a href=\"https:\/\/mundo-mainz.de\/wordpress\/wp-content\/uploads\/2023\/09\/410_neutralalkohol_unvergaellt_primasprit_de_0006.pdf\" target=\"_blank\" rel=\"noopener\">download<\/a><\/td>\n<\/tr>\n<tr class=\"odd\">\n<td class=\"border first\">420<\/td>\n<td class=\"border\">Organic Alkohol, undenaturated<\/td>\n<td class=\"border\">96,0% vol.<\/td>\n<td><a href=\"https:\/\/mundo-mainz.de\/wordpress\/wp-content\/uploads\/2023\/09\/410_neutralalkohol_unvergaellt_primasprit_de_0006.pdf\" target=\"_blank\" rel=\"noopener\">download<\/a><\/td>\n<\/tr>\n<tr>\n<td class=\"border first\">510<\/td>\n<td class=\"border\">Alcohol, drained, undenaturated<\/td>\n<td class=\"border\">99,8% vol.<\/td>\n<td><a href=\"https:\/\/mundo-mainz.de\/wordpress\/wp-content\/uploads\/2023\/09\/510_neutralalkohol_entwaessert_unvergaellt_de_0005.pdf\" target=\"_blank\" rel=\"noopener\">download<\/a><\/td>\n<\/tr>\n<tr class=\"odd\">\n<td class=\"border first\">611<\/td>\n<td class=\"border\">Alcohol denaturated with phtalic acid- diethyl ether<\/td>\n<td class=\"border\">96,0% vol.<\/td>\n<td><a href=\"https:\/\/mundo-mainz.de\/wordpress\/wp-content\/uploads\/2023\/09\/611_neutralalkohol_vergaellt_mit_phthalsaeurediethylester_05_kg___100_liter_de_0006.pdf\" target=\"_blank\" rel=\"noopener\">download<\/a><\/td>\n<\/tr>\n<tr class=\"subheadline\">\n<td colspan=\"4\">Industrial Alcohol<\/td>\n<\/tr>\n<tr>\n<td class=\"border first\">410M<\/td>\n<td class=\"border\">Alcohol, denaturated with 8% lactic acid<\/td>\n<td class=\"border\">87,6% vol.<\/td>\n<td><a href=\"https:\/\/mundo-mainz.de\/wordpress\/wp-content\/uploads\/2023\/09\/410m_neutralalkohol_vergaellt_mit_8___milchsaeure_de_0008.pdf\" target=\"_blank\" rel=\"noopener\">download<\/a><\/td>\n<\/tr>\n<tr class=\"odd\">\n<td class=\"border first\">520P<\/td>\n<td class=\"border\">Synthesized Alcohol, drained, denaturated with 1% petroleum ether<\/td>\n<td class=\"border\">99,8% vol.<\/td>\n<td><a href=\"https:\/\/mundo-mainz.de\/wordpress\/wp-content\/uploads\/2023\/09\/520p_synthese-ethanol_entwaessert_vergaellt_mit_1__petrolether_technischer_branntwein_de_0006.pdf\" target=\"_blank\" rel=\"noopener\">download<\/a><\/td>\n<\/tr>\n<tr>\n<td class=\"border first\">641<\/td>\n<td class=\"border\">Alcohol, azeotropic, denaturated with 1% MEK<\/td>\n<td class=\"border\">96,0% vol.<\/td>\n<td><a href=\"https:\/\/mundo-mainz.de\/wordpress\/wp-content\/uploads\/2023\/09\/641_ethanol_agrar_eceotrop_vergaellt_mit_1__mek_de_0006.pdf\" target=\"_blank\" rel=\"noopener\">download<\/a><\/td>\n<\/tr>\n<tr>\n<td class=\"border first\">642<\/td>\n<td class=\"border\">Alcohol, drained, denaturated with 1% MEK<\/td>\n<td class=\"border\">99,8% vol.<\/td>\n<td><a href=\"https:\/\/mundo-mainz.de\/wordpress\/wp-content\/uploads\/2023\/09\/642_ethanol_entwaessert_vergaellt_mit_1__mek_de_0006.pdf\" target=\"_blank\" rel=\"noopener\">download<\/a><\/td>\n<\/tr>\n<tr class=\"odd\">\n<td class=\"border first\">641A<\/td>\n<td class=\"border\">Alcohol, azeotropic, denaturated with 1% MEK and 5% Acetone<\/td>\n<td class=\"border\">96,0% vol.<\/td>\n<td><a href=\"https:\/\/mundo-mainz.de\/wordpress\/wp-content\/uploads\/2023\/11\/ethanol_aceotrop_vergaellt_mit_1__mek_und_5__aceton_de_0008.pdf\" target=\"_blank\" rel=\"noopener\">download<\/a><\/td>\n<\/tr>\n<tr class=\"odd\">\n<td class=\"border first\">006<\/td>\n<td class=\"border\">Isopropanol<\/td>\n<td class=\"border\">100,0% vol.<\/td>\n<td><a href=\"https:\/\/mundo-mainz.de\/wordpress\/wp-content\/uploads\/2023\/09\/006_isopropylalkohol_isopropanol_de_0006.pdf\" target=\"_blank\" rel=\"noopener\">download<\/a><\/td>\n<\/tr>\n<tr>\n<td class=\"border first\">004<\/td>\n<td class=\"border\">Methylated Spirit<\/td>\n<td class=\"border\">94,0% vol.<\/td>\n<td><a href=\"https:\/\/mundo-mainz.de\/wordpress\/wp-content\/uploads\/2023\/09\/004_brennspiritus_de_0007.pdf\" target=\"_blank\" rel=\"noopener\">download<\/a><\/td>\n<\/tr>\n<tr class=\"odd\">\n<td class=\"border first\">1924<\/td>\n<td class=\"border\">Alcohol, drained, completely denaturated<\/td>\n<td class=\"border\">100% vol.<\/td>\n<td><a href=\"https:\/\/mundo-mainz.de\/wordpress\/wp-content\/uploads\/2023\/09\/1924_ethanol_entwaessert_vollstaendig_vergaellt_de_0007.pdf\" target=\"_blank\" rel=\"noopener\">download<\/a><\/td>\n<\/tr>\n<tr>\n<td class=\"border first\"><\/td>\n<td class=\"border\"><\/td>\n<td class=\"border\"><\/td>\n<td><\/td>\n<\/tr>\n<\/tbody>\n<\/table>\n<div style=\"padding: 10px;\">\n<p style=\"font-weight: 400;\">Our alcohols are distributed by Martin and Werner Mundo oHG<\/p>\n<p style=\"font-weight: 400;\">We are happy to take on special bottlings on our modern filling line. Including a labeling which \u00a0is tailored to your individual\u00a0needs.<\/p>\n<p style=\"font-weight: 400;\">In the greater Rhine-Main area, our ADR-trained drivers are happy to supply you with the alcohols personal, fast and flexible.<\/p>\n<\/div>\n<\/div>\n<\/div>\n[\/vc_column_text][\/vc_column][\/vc_row][mk_page_section bg_image=&#8221;http:\/\/mundo-mainz.de\/wordpress\/wp-content\/uploads\/2016\/04\/caramel.jpg&#8221; bg_repeat=&#8221;no-repeat&#8221; bg_stretch=&#8221;true&#8221; video_color_mask=&#8221;#210200&#8243; min_height=&#8221;526&#8243; js_vertical_centered=&#8221;true&#8221; padding_top=&#8221;30&#8243; el_class=&#8221;newsletter&#8221; sidebar=&#8221;sidebar-1&#8243;][vc_column width=&#8221;1\/6&#8243;][\/vc_column][vc_column width=&#8221;2\/3&#8243;][mk_fancy_title tag_name=&#8221;h4&#8243; color=&#8221;#ffffff&#8221; size=&#8221;36&#8243; force_font_size=&#8221;true&#8221; size_tablet=&#8221;20&#8243; size_phone=&#8221;20&#8243; font_weight=&#8221;400&#8243; txt_transform=&#8221;uppercase&#8221; letter_spacing=&#8221;1&#8243; margin_bottom=&#8221;40&#8243; font_family=&#8221;Playfair+Display&#8221; font_type=&#8221;google&#8221; align=&#8221;center&#8221; el_class=&#8221;white&#8221;]\n<p class=\"p1\">Subscribe to our newsletter and receive current offers and promotions.<\/p>\n[\/mk_fancy_title][vc_column_text css=&#8221;.vc_custom_1511438658173{margin-bottom: 0px !important;}&#8221;]<script>(function() {\n\twindow.mc4wp = window.mc4wp || {\n\t\tlisteners: [],\n\t\tforms: {\n\t\t\ton: function(evt, cb) {\n\t\t\t\twindow.mc4wp.listeners.push(\n\t\t\t\t\t{\n\t\t\t\t\t\tevent   : evt,\n\t\t\t\t\t\tcallback: cb\n\t\t\t\t\t}\n\t\t\t\t);\n\t\t\t}\n\t\t}\n\t}\n})();\n<\/script><!-- Mailchimp for WordPress v4.9.0 - https:\/\/wordpress.org\/plugins\/mailchimp-for-wp\/ --><form id=\"mc4wp-form-1\" class=\"mc4wp-form mc4wp-form-502\" method=\"post\" data-id=\"502\" data-name=\"Newsletter\" ><div class=\"mc4wp-form-fields\"><div class=\"vc_col-sm-12\"><label>Email: <\/label><\/div>\r\n<div class=\"vc_col-sm-8\">\r\n  <input type=\"email\" name=\"EMAIL\" placeholder=\"Email\" required style=\"width:100%;\" \/>\r\n<\/div>\r\n<div class=\"vc_col-sm-4\"><input type=\"submit\" class=\"submit\" value=\"Senden\" style=\"width:100%; border-radius:0;\" \/><\/div>\r\n<div style=\"clear:both;\">\r\n  \r\n<\/div>\r\n<\/div><label style=\"display: none !important;\">Leave this field empty if you're human: <input type=\"text\" name=\"_mc4wp_honeypot\" value=\"\" tabindex=\"-1\" autocomplete=\"off\" \/><\/label><input type=\"hidden\" name=\"_mc4wp_timestamp\" value=\"1777917644\" \/><input type=\"hidden\" name=\"_mc4wp_form_id\" value=\"502\" \/><input type=\"hidden\" name=\"_mc4wp_form_element_id\" value=\"mc4wp-form-1\" \/><div class=\"mc4wp-response\"><\/div><\/form><!-- \/ Mailchimp for WordPress Plugin -->[\/vc_column_text][\/vc_column][vc_column width=&#8221;1\/6&#8243;][\/vc_column][\/mk_page_section][mk_page_section bg_color=&#8221;#936b32&#8243; sidebar=&#8221;sidebar-1&#8243;][vc_column][vc_empty_space height=&#8221;4vw&#8221;][mk_fancy_title tag_name=&#8221;h4&#8243; size=&#8221;28&#8243; font_family=&#8221;none&#8221; align=&#8221;center&#8221; el_class=&#8221;white&#8221;]Martin Mundo is certified![\/mk_fancy_title][vc_row_inner][vc_column_inner width=&#8221;1\/3&#8243;][vc_column_text align=&#8221;center&#8221; el_class=&#8221;white&#8221; css=&#8221;.vc_custom_1519217726648{margin-bottom: 0px !important;}&#8221;]<img decoding=\"async\" src=\"http:\/\/mundo-mainz.de\/images\/pi_bio.png\" alt=\"Seit 2002 zertifiziert nach der EU-\u00d6ko-Verordnung durch die Kontrollstelle DE-\u00d6KO-007 und daher f\u00fcr Sie in Bio- Qualit\u00e4t erh\u00e4ltlich. \" \/><\/p>\n<p>Certified since 2002 according to the EU-Eco-regulation through the control body DE-\u00d6KO-007 and they are available for you in organic quality.[\/vc_column_text][\/vc_column_inner][vc_column_inner width=&#8221;1\/3&#8243;][vc_column_text align=&#8221;center&#8221; el_class=&#8221;white&#8221; css=&#8221;.vc_custom_1519217735423{margin-bottom: 0px !important;}&#8221;]<img decoding=\"async\" src=\"http:\/\/mundo-mainz.de\/images\/pi_kf.png\" alt=\"Unsere Karamell und Zuckercouleure sind durch The Federation of Synagogues Kashrus zertifiziert kosher.\" \/><\/p>\n<p>Our caramel and burnt sugar syrups are certified Kosher by the \u201cThe Federation of Synagogues Kashrus\u201d.[\/vc_column_text][\/vc_column_inner][vc_column_inner width=&#8221;1\/3&#8243;][vc_column_text align=&#8221;center&#8221; el_class=&#8221;white&#8221; css=&#8221;.vc_custom_1519217742768{margin-bottom: 0px !important;}&#8221;]<img decoding=\"async\" src=\"http:\/\/mundo-mainz.de\/images\/preiser_logo.png\" alt=\"Preiser Aromen\" \/><\/p>\n<p>Since 2014 we have the essences of Adolf Preiser \/ Villingen in our offer.[\/vc_column_text][\/vc_column_inner][\/vc_row_inner][\/vc_column][\/mk_page_section]\n<\/section>","protected":false},"excerpt":{"rendered":"<p>[mk_page_section bg_color=&#8221;#ddd4c1&#8243; bg_repeat=&#8221;no-repeat&#8221; padding_top=&#8221;100&#8243; padding_bottom=&#8221;80&#8243; sidebar=&#8221;sidebar-1&#8243;][vc_column][mk_fancy_title tag_name=&#8221;h1&#8243; color=&#8221;#25396b&#8221; size=&#8221;60&#8243; force_font_size=&#8221;true&#8221; size_tablet=&#8221;40&#8243; size_phone=&#8221;30&#8243; txt_transform=&#8221;capitalize&#8221; letter_spacing=&#8221;1&#8243; margin_bottom=&#8221;0&#8243; font_family=&#8221;Playfair+Display&#8221; font_type=&#8221;google&#8221;]Martin Mundo sells Alcohols![\/mk_fancy_title][\/vc_column][\/mk_page_section][mk_page_section bg_image=&#8221;http:\/\/mundo-mainz.de\/wordpress\/wp-content\/uploads\/2016\/04\/alkohole.jpg&#8221; bg_position=&#8221;center center&#8221; bg_repeat=&#8221;no-repeat&#8221; bg_stretch=&#8221;true&#8221; enable_3d=&#8221;true&#8221; min_height=&#8221;0&#8243; padding_top=&#8221;600&#8243; padding_bottom=&#8221;30&#8243; sidebar=&#8221;sidebar-1&#8243;][vc_column][\/vc_column][\/mk_page_section][vc_row fullwidth=&#8221;true&#8221; fullwidth_content=&#8221;false&#8221; css=&#8221;.vc_custom_1460709480924{background-color: #ffffff !important;}&#8221;][vc_column][mk_padding_divider size=&#8221;120&#8243;][mk_fancy_title tag_name=&#8221;h4&#8243; color=&#8221;#c89c00&#8243; size=&#8221;30&#8243; font_weight=&#8221;bold&#8221; txt_transform=&#8221;none&#8221; letter_spacing=&#8221;1&#8243; margin_bottom=&#8221;0&#8243; font_family=&#8221;Playfair+Display&#8221; font_type=&#8221;google&#8221; align=&#8221;center&#8221;]Your Partner for all kinds of alcohols.[\/mk_fancy_title][mk_divider style=&#8221;thin_solid&#8221; divider_width=&#8221;custom_width&#8221; custom_width=&#8221;180&#8243; [&hellip;]<\/p>\n","protected":false},"author":1,"featured_media":0,"parent":695,"menu_order":0,"comment_status":"closed","ping_status":"closed","template":"","meta":[],"_links":{"self":[{"href":"https:\/\/mundo-mainz.de\/en\/wp-json\/wp\/v2\/pages\/704"}],"collection":[{"href":"https:\/\/mundo-mainz.de\/en\/wp-json\/wp\/v2\/pages"}],"about":[{"href":"https:\/\/mundo-mainz.de\/en\/wp-json\/wp\/v2\/types\/page"}],"author":[{"embeddable":true,"href":"https:\/\/mundo-mainz.de\/en\/wp-json\/wp\/v2\/users\/1"}],"replies":[{"embeddable":true,"href":"https:\/\/mundo-mainz.de\/en\/wp-json\/wp\/v2\/comments?post=704"}],"version-history":[{"count":12,"href":"https:\/\/mundo-mainz.de\/en\/wp-json\/wp\/v2\/pages\/704\/revisions"}],"predecessor-version":[{"id":1407,"href":"https:\/\/mundo-mainz.de\/en\/wp-json\/wp\/v2\/pages\/704\/revisions\/1407"}],"up":[{"embeddable":true,"href":"https:\/\/mundo-mainz.de\/en\/wp-json\/wp\/v2\/pages\/695"}],"wp:attachment":[{"href":"https:\/\/mundo-mainz.de\/en\/wp-json\/wp\/v2\/media?parent=704"}],"curies":[{"name":"wp","href":"https:\/\/api.w.org\/{rel}","templated":true}]}}