{"id":695,"date":"2018-02-21T13:45:47","date_gmt":"2018-02-21T12:45:47","guid":{"rendered":"http:\/\/mundo-mainz.de\/en\/?page_id=695"},"modified":"2019-09-26T12:30:36","modified_gmt":"2019-09-26T10:30:36","slug":"products","status":"publish","type":"page","link":"https:\/\/mundo-mainz.de\/en\/products\/","title":{"rendered":"Products"},"content":{"rendered":"<section class=\"wpb-content-wrapper\">[mk_page_section bg_color=&#8221;#ddd4c1&#8243; bg_repeat=&#8221;no-repeat&#8221; padding_top=&#8221;100&#8243; padding_bottom=&#8221;80&#8243; sidebar=&#8221;sidebar-1&#8243;][vc_column][mk_fancy_title tag_name=&#8221;h1&#8243; color=&#8221;#25396b&#8221; size=&#8221;60&#8243; force_font_size=&#8221;true&#8221; size_tablet=&#8221;40&#8243; size_phone=&#8221;30&#8243; txt_transform=&#8221;capitalize&#8221; letter_spacing=&#8221;1&#8243; margin_bottom=&#8221;0&#8243; font_family=&#8221;Playfair+Display&#8221; font_type=&#8221;google&#8221;]Martin Mundo&#8217;s offer![\/mk_fancy_title][\/vc_column][\/mk_page_section][mk_page_section bg_image=&#8221;http:\/\/mundo-mainz.de\/wordpress\/wp-content\/uploads\/2016\/04\/martin-mundo-65-von-80.jpg&#8221; bg_position=&#8221;center center&#8221; bg_repeat=&#8221;no-repeat&#8221; bg_stretch=&#8221;true&#8221; enable_3d=&#8221;true&#8221; video_loop=&#8221;false&#8221; min_height=&#8221;0&#8243; padding_top=&#8221;150&#8243; padding_bottom=&#8221;30&#8243; sidebar=&#8221;sidebar-1&#8243;][vc_column][vc_row_inner css=&#8221;.vc_custom_1511962973826{margin-top: 0px !important;margin-right: 0px !important;margin-bottom: 0px !important;margin-left: 0px !important;padding-top: 0px !important;padding-right: 0px !important;padding-bottom: 0px !important;padding-left: 0px !important;}&#8221; el_class=&#8221;produkte-container&#8221;][vc_column_inner width=&#8221;1\/4&#8243;][vc_single_image image=&#8221;526&#8243; img_size=&#8221;full&#8221; css=&#8221;.vc_custom_1511963177167{margin-top: 0px !important;margin-right: 0px !important;margin-bottom: 0px !important;margin-left: 0px !important;}&#8221;][mk_custom_box bg_color=&#8221;rgba(0,0,0,0.9)&#8221;][mk_fancy_title tag_name=&#8221;h4&#8243; color=&#8221;#ffffff&#8221; size=&#8221;20&#8243; font_weight=&#8221;400&#8243; txt_transform=&#8221;capitalize&#8221; letter_spacing=&#8221;1&#8243; margin_bottom=&#8221;0&#8243; font_family=&#8221;Playfair+Display&#8221; font_type=&#8221;google&#8221; align=&#8221;center&#8221;]Caramel[\/mk_fancy_title][mk_divider style=&#8221;thin_solid&#8221; divider_width=&#8221;custom_width&#8221; custom_width=&#8221;180&#8243; thin_single_color=&#8221;#fdd593&#8243; thickness=&#8221;2&#8243; margin_top=&#8221;0&#8243; margin_bottom=&#8221;25&#8243;][vc_column_text align=&#8221;center&#8221; el_class=&#8221;white&#8221; css=&#8221;.vc_custom_1519216918935{margin-bottom: 0px !important;}&#8221;]The product that everyone consumes without knowing it. Made out of carbohydrates it gives the color to various kinds of food.[\/vc_column_text][mk_button dimension=&#8221;flat&#8221; corner_style=&#8221;rounded&#8221; url=&#8221;\/en\/products\/zuckercouleur-karamellsirupe\/&#8221; align=&#8221;center&#8221; button_custom_width=&#8221;180&#8243; bg_color=&#8221;#1a2b56&#8243; btn_hover_bg=&#8221;#25396b&#8221;]Our products[\/mk_button][\/mk_custom_box][\/vc_column_inner][vc_column_inner width=&#8221;1\/4&#8243;][vc_single_image image=&#8221;517&#8243; img_size=&#8221;full&#8221; css=&#8221;.vc_custom_1511799729591{margin-top: 0px !important;margin-right: 0px !important;margin-bottom: 0px !important;margin-left: 0px !important;}&#8221;][mk_custom_box bg_color=&#8221;rgba(147,107,50,0.85)&#8221;][mk_fancy_title tag_name=&#8221;h4&#8243; color=&#8221;#ffffff&#8221; size=&#8221;20&#8243; font_weight=&#8221;400&#8243; txt_transform=&#8221;none&#8221; letter_spacing=&#8221;1&#8243; margin_bottom=&#8221;0&#8243; font_family=&#8221;Playfair+Display&#8221; font_type=&#8221;google&#8221; align=&#8221;center&#8221;]Burnt sugar[\/mk_fancy_title][mk_divider style=&#8221;thin_solid&#8221; divider_width=&#8221;custom_width&#8221; custom_width=&#8221;180&#8243; thin_single_color=&#8221;#fdd593&#8243; thickness=&#8221;2&#8243; margin_top=&#8221;0&#8243; margin_bottom=&#8221;25&#8243;][vc_column_text align=&#8221;center&#8221; el_class=&#8221;white&#8221; css=&#8221;.vc_custom_1519216926856{margin-bottom: 0px !important;}&#8221;]Burnt sugar syrup is a food which is used for coloring and taste rounding of various products. According to the EU- spirits ordinance it is one of the sweeteners.[\/vc_column_text][mk_button dimension=&#8221;flat&#8221; corner_style=&#8221;rounded&#8221; url=&#8221;\/en\/products\/zuckercouleur-karamellsirupe\/&#8221; align=&#8221;center&#8221; button_custom_width=&#8221;180&#8243; bg_color=&#8221;#1a2b56&#8243; btn_hover_bg=&#8221;#25396b&#8221;]Our products[\/mk_button][\/mk_custom_box][\/vc_column_inner][vc_column_inner width=&#8221;1\/4&#8243;][vc_single_image image=&#8221;516&#8243; img_size=&#8221;full&#8221; css=&#8221;.vc_custom_1511799742479{margin-top: 0px !important;margin-right: 0px !important;margin-bottom: 0px !important;margin-left: 0px !important;}&#8221;][mk_custom_box bg_color=&#8221;rgba(0,0,0,0.9)&#8221;][mk_fancy_title tag_name=&#8221;h4&#8243; color=&#8221;#ffffff&#8221; size=&#8221;20&#8243; font_weight=&#8221;400&#8243; txt_transform=&#8221;capitalize&#8221; letter_spacing=&#8221;1&#8243; margin_bottom=&#8221;0&#8243; font_family=&#8221;Playfair+Display&#8221; font_type=&#8221;google&#8221; align=&#8221;center&#8221;]Alcohols[\/mk_fancy_title][mk_divider style=&#8221;thin_solid&#8221; divider_width=&#8221;custom_width&#8221; custom_width=&#8221;180&#8243; align=&#8221;left&#8221; thin_single_color=&#8221;#b7d888&#8243; thickness=&#8221;2&#8243; margin_top=&#8221;0&#8243; margin_bottom=&#8221;25&#8243;][vc_column_text align=&#8221;center&#8221; el_class=&#8221;white&#8221; css=&#8221;.vc_custom_1519216934832{margin-bottom: 0px !important;}&#8221;]Alcohol is more than a stimulant and is also found in medical products, detergents or antifreeze.[\/vc_column_text][mk_button dimension=&#8221;flat&#8221; corner_style=&#8221;rounded&#8221; url=&#8221;\/en\/products\/alcohols\/&#8221; align=&#8221;center&#8221; button_custom_width=&#8221;180&#8243; bg_color=&#8221;#1a2b56&#8243; btn_hover_bg=&#8221;#25396b&#8221;]Our products[\/mk_button][\/mk_custom_box][\/vc_column_inner][vc_column_inner width=&#8221;1\/4&#8243;][vc_single_image image=&#8221;362&#8243; img_size=&#8221;full&#8221; css=&#8221;.vc_custom_1506611839931{margin: 0px !important;}&#8221;][mk_custom_box bg_color=&#8221;rgba(147,107,50,0.85)&#8221;][mk_fancy_title tag_name=&#8221;h4&#8243; color=&#8221;#ffffff&#8221; size=&#8221;20&#8243; font_weight=&#8221;400&#8243; txt_transform=&#8221;capitalize&#8221; letter_spacing=&#8221;1&#8243; margin_bottom=&#8221;0&#8243; font_family=&#8221;Playfair+Display&#8221; font_type=&#8221;google&#8221; align=&#8221;center&#8221;]Essences[\/mk_fancy_title][mk_divider style=&#8221;thin_solid&#8221; divider_width=&#8221;custom_width&#8221; custom_width=&#8221;180&#8243; thin_single_color=&#8221;#b7d888&#8243; thickness=&#8221;2&#8243; margin_top=&#8221;0&#8243; margin_bottom=&#8221;25&#8243;][vc_column_text align=&#8221;center&#8221; el_class=&#8221;white&#8221; css=&#8221;.vc_custom_1519216945339{margin-bottom: 0px !important;}&#8221;]Our bio-certified aromatic extracts are being produced according to the old consumption by distillation of the natural raw materials.[\/vc_column_text][mk_button dimension=&#8221;flat&#8221; corner_style=&#8221;rounded&#8221; url=&#8221;\/en\/products\/essenzen\/&#8221; align=&#8221;center&#8221; button_custom_width=&#8221;180&#8243; bg_color=&#8221;#1a2b56&#8243; btn_hover_bg=&#8221;#25396b&#8221;]Our products[\/mk_button][\/mk_custom_box][\/vc_column_inner][\/vc_row_inner][\/vc_column][\/mk_page_section][mk_page_section layout_structure=&#8221;half_right&#8221; bg_image=&#8221;http:\/\/mundo-mainz.de\/wordpress\/wp-content\/uploads\/2016\/04\/martin-mundo-49-von-80.jpg&#8221; bg_color=&#8221;#ffffff&#8221; padding_top=&#8221;120&#8243; padding_bottom=&#8221;120&#8243;][vc_column][mk_font_icons icon=&#8221;mk-moon-apple-fruit&#8221; color=&#8221;#c89c00&#8243; size=&#8221;large&#8221; align=&#8221;center&#8221;][mk_ornamental_title tag_name=&#8221;h4&#8243; text_color=&#8221;#c89c00&#8243; font_family=&#8221;Playfair+Display&#8221; font_type=&#8221;google&#8221; font_size=&#8221;24&#8243; font_weight=&#8221;bold&#8221; txt_transform=&#8221;capitalize&#8221; ornament_style=&#8221;lemo-single&#8221; nss_align=&#8221;center&#8221; ornament_color=&#8221;#c89c00&#8243; margin_top=&#8221;20&#8243; margin_bottom=&#8221;60&#8243;]Your contact with comprehensive production portfolio and all around service![\/mk_ornamental_title][vc_column_text disable_pattern=&#8221;false&#8221; align=&#8221;center&#8221; margin_bottom=&#8221;80&#8243; css=&#8221;.vc_custom_1519217044689{margin-bottom: 80px !important;}&#8221;]Martin Mundo has a comprehensive product range and an all around service.<\/p>\n<p>Besides a large number of distillates and extracts we offer a lot of raw materials like essence and sugar syrup for the taste and caramel or burnt sugar syrup for the coloring plus the necessary ethyl alcohol. Our distillates and extracts give you the opportunity to make individual mixes for your liqueurs and spirits, or to refine existing recipes. Our raw materials can be easily processed into finished goods.<\/p>\n<p>Martin Mundo oHG assists you competently from brainstorming through design and production. On request we also manufacture your private label!<\/p>\n<p>We cooperate with reliable bottling companies that produce small batches easily.<\/p>\n<p>The attachment of your own labels on the goods is self evident. We also produce individual adjustments for brandies or for rounding of existing liqueurs.[\/vc_column_text][\/vc_column][\/mk_page_section][mk_page_section layout_structure=&#8221;half_left&#8221; bg_image=&#8221;http:\/\/mundo-mainz.de\/wordpress\/wp-content\/uploads\/2016\/04\/martin-mundo-32-von-80.jpg&#8221; bg_color=&#8221;#ffffff&#8221; padding_top=&#8221;120&#8243; padding_bottom=&#8221;120&#8243;][vc_column][mk_font_icons icon=&#8221;mk-icon-certificate&#8221; color=&#8221;#c89c00&#8243; size=&#8221;large&#8221; align=&#8221;center&#8221;][mk_ornamental_title tag_name=&#8221;h4&#8243; text_color=&#8221;#c89c00&#8243; font_family=&#8221;Playfair+Display&#8221; font_type=&#8221;google&#8221; font_size=&#8221;24&#8243; font_weight=&#8221;bold&#8221; txt_transform=&#8221;capitalize&#8221; ornament_style=&#8221;lemo-single&#8221; nss_align=&#8221;center&#8221; ornament_color=&#8221;#c89c00&#8243; margin_top=&#8221;20&#8243; margin_bottom=&#8221;60&#8243;]Martin Mundo is certified![\/mk_ornamental_title][vc_column_text disable_pattern=&#8221;false&#8221; align=&#8221;center&#8221; margin_bottom=&#8221;80&#8243; css=&#8221;.vc_custom_1519217076595{margin-bottom: 80px !important;}&#8221;]<strong>Caramels and burnt sugar syrups made by Martin Mundo are certified!<\/strong>[\/vc_column_text][vc_row_inner][vc_column_inner width=&#8221;1\/4&#8243;][vc_column_text disable_pattern=&#8221;false&#8221; align=&#8221;center&#8221; margin_bottom=&#8221;80&#8243; css=&#8221;.vc_custom_1519217089531{margin-bottom: 80px !important;}&#8221;]<img decoding=\"async\" class=\"aligncenter\" src=\"http:\/\/mundo-mainz.de\/images\/pi_bio.png\" alt=\"Seit 2002 zertifiziert nach der EU-\u00d6ko-Verordnung durch die Kontrollstelle DE-\u00d6KO-007 und daher f\u00fcr Sie in Bio- Qualit\u00e4t erh\u00e4ltlich. \" \/>Certified since 2002 according to the EU-Eco-regulation through the control body DE-\u00d6KO-007 and they are available for you in organic quality.[\/vc_column_text][\/vc_column_inner][vc_column_inner width=&#8221;1\/4&#8243;][vc_column_text disable_pattern=&#8221;false&#8221; align=&#8221;center&#8221; margin_bottom=&#8221;80&#8243; css=&#8221;.vc_custom_1519217104719{margin-bottom: 80px !important;}&#8221;]<img decoding=\"async\" class=\"aligncenter\" src=\"http:\/\/mundo-mainz.de\/images\/pi_kf.png\" alt=\"Unsere Karamell und Zuckercouleure sind durch The Federation of Synagogues Kashrus zertifiziert kosher.\" \/>Our caramel and burnt sugar syrups are certified Kosher by the &#8220;The Federation of Synagogues Kashrus&#8221;.[\/vc_column_text][\/vc_column_inner][vc_column_inner width=&#8221;1\/4&#8243;][vc_column_text disable_pattern=&#8221;false&#8221; align=&#8221;center&#8221; margin_bottom=&#8221;80&#8243; css=&#8221;.vc_custom_1519217137052{margin-bottom: 80px !important;}&#8221;]<img decoding=\"async\" class=\"aligncenter\" src=\"http:\/\/mundo-mainz.de\/images\/preiser_logo.png\" alt=\"Preiser Aromen\" \/>Since 2014 we have the essences of Adolf Preiser \/ Villingen in our offer.[\/vc_column_text][\/vc_column_inner][vc_column_inner width=&#8221;1\/4&#8243;][vc_column_text disable_pattern=&#8221;false&#8221; align=&#8221;center&#8221; margin_bottom=&#8221;80&#8243; css=&#8221;.vc_custom_1569493638974{margin-bottom: 80px !important;}&#8221;]<img decoding=\"async\" loading=\"lazy\" class=\"aligncenter\" src=\"https:\/\/mundo-mainz.de\/wordpress\/wp-content\/uploads\/2019\/09\/9001_ger_tc_p-215x300.jpg\" width=\"69\" height=\"96\" \/> Our quality management system is certified since 2019 according to ISO 9001:2015[\/vc_column_text][\/vc_column_inner][\/vc_row_inner][\/vc_column][\/mk_page_section][mk_page_section bg_image=&#8221;http:\/\/mundo-mainz.de\/wordpress\/wp-content\/uploads\/2016\/04\/caramel.jpg&#8221; bg_repeat=&#8221;no-repeat&#8221; bg_stretch=&#8221;true&#8221; video_color_mask=&#8221;#210200&#8243; min_height=&#8221;526&#8243; js_vertical_centered=&#8221;true&#8221; padding_top=&#8221;30&#8243; el_class=&#8221;newsletter&#8221; sidebar=&#8221;sidebar-1&#8243;][vc_column width=&#8221;1\/6&#8243;][\/vc_column][vc_column width=&#8221;2\/3&#8243;][mk_fancy_title tag_name=&#8221;h4&#8243; color=&#8221;#ffffff&#8221; size=&#8221;36&#8243; force_font_size=&#8221;true&#8221; size_tablet=&#8221;20&#8243; size_phone=&#8221;20&#8243; font_weight=&#8221;400&#8243; txt_transform=&#8221;uppercase&#8221; letter_spacing=&#8221;1&#8243; margin_bottom=&#8221;40&#8243; font_family=&#8221;Playfair+Display&#8221; font_type=&#8221;google&#8221; align=&#8221;center&#8221; el_class=&#8221;white&#8221;]\n<p class=\"p1\">Subscribe to our newsletter and receive current offers and promotions.<\/p>\n[\/mk_fancy_title][vc_column_text css=&#8221;.vc_custom_1511438529541{margin-bottom: 0px !important;}&#8221;]<script>(function() {\n\twindow.mc4wp = window.mc4wp || {\n\t\tlisteners: [],\n\t\tforms: {\n\t\t\ton: function(evt, cb) {\n\t\t\t\twindow.mc4wp.listeners.push(\n\t\t\t\t\t{\n\t\t\t\t\t\tevent   : evt,\n\t\t\t\t\t\tcallback: cb\n\t\t\t\t\t}\n\t\t\t\t);\n\t\t\t}\n\t\t}\n\t}\n})();\n<\/script><!-- Mailchimp for WordPress v4.9.0 - https:\/\/wordpress.org\/plugins\/mailchimp-for-wp\/ --><form id=\"mc4wp-form-1\" class=\"mc4wp-form mc4wp-form-502\" method=\"post\" data-id=\"502\" data-name=\"Newsletter\" ><div class=\"mc4wp-form-fields\"><div class=\"vc_col-sm-12\"><label>Email: <\/label><\/div>\r\n<div class=\"vc_col-sm-8\">\r\n  <input type=\"email\" name=\"EMAIL\" placeholder=\"Email\" required style=\"width:100%;\" \/>\r\n<\/div>\r\n<div class=\"vc_col-sm-4\"><input type=\"submit\" class=\"submit\" value=\"Senden\" style=\"width:100%; border-radius:0;\" \/><\/div>\r\n<div style=\"clear:both;\">\r\n  \r\n<\/div>\r\n<\/div><label style=\"display: none !important;\">Leave this field empty if you're human: <input type=\"text\" name=\"_mc4wp_honeypot\" value=\"\" tabindex=\"-1\" autocomplete=\"off\" \/><\/label><input type=\"hidden\" name=\"_mc4wp_timestamp\" value=\"1778651321\" \/><input type=\"hidden\" name=\"_mc4wp_form_id\" value=\"502\" \/><input type=\"hidden\" name=\"_mc4wp_form_element_id\" value=\"mc4wp-form-1\" \/><div class=\"mc4wp-response\"><\/div><\/form><!-- \/ Mailchimp for WordPress Plugin -->[\/vc_column_text][\/vc_column][vc_column width=&#8221;1\/6&#8243;][\/vc_column][\/mk_page_section]\n<\/section>","protected":false},"excerpt":{"rendered":"<p>[mk_page_section bg_color=&#8221;#ddd4c1&#8243; bg_repeat=&#8221;no-repeat&#8221; padding_top=&#8221;100&#8243; padding_bottom=&#8221;80&#8243; sidebar=&#8221;sidebar-1&#8243;][vc_column][mk_fancy_title tag_name=&#8221;h1&#8243; color=&#8221;#25396b&#8221; size=&#8221;60&#8243; force_font_size=&#8221;true&#8221; size_tablet=&#8221;40&#8243; size_phone=&#8221;30&#8243; txt_transform=&#8221;capitalize&#8221; letter_spacing=&#8221;1&#8243; margin_bottom=&#8221;0&#8243; font_family=&#8221;Playfair+Display&#8221; font_type=&#8221;google&#8221;]Martin Mundo&#8217;s offer![\/mk_fancy_title][\/vc_column][\/mk_page_section][mk_page_section bg_image=&#8221;http:\/\/mundo-mainz.de\/wordpress\/wp-content\/uploads\/2016\/04\/martin-mundo-65-von-80.jpg&#8221; bg_position=&#8221;center center&#8221; bg_repeat=&#8221;no-repeat&#8221; bg_stretch=&#8221;true&#8221; enable_3d=&#8221;true&#8221; video_loop=&#8221;false&#8221; min_height=&#8221;0&#8243; padding_top=&#8221;150&#8243; padding_bottom=&#8221;30&#8243; sidebar=&#8221;sidebar-1&#8243;][vc_column][vc_row_inner css=&#8221;.vc_custom_1511962973826{margin-top: 0px !important;margin-right: 0px !important;margin-bottom: 0px !important;margin-left: 0px !important;padding-top: 0px !important;padding-right: 0px !important;padding-bottom: 0px !important;padding-left: 0px !important;}&#8221; el_class=&#8221;produkte-container&#8221;][vc_column_inner width=&#8221;1\/4&#8243;][vc_single_image image=&#8221;526&#8243; img_size=&#8221;full&#8221; css=&#8221;.vc_custom_1511963177167{margin-top: 0px !important;margin-right: 0px [&hellip;]<\/p>\n","protected":false},"author":1,"featured_media":0,"parent":0,"menu_order":0,"comment_status":"closed","ping_status":"closed","template":"","meta":[],"_links":{"self":[{"href":"https:\/\/mundo-mainz.de\/en\/wp-json\/wp\/v2\/pages\/695"}],"collection":[{"href":"https:\/\/mundo-mainz.de\/en\/wp-json\/wp\/v2\/pages"}],"about":[{"href":"https:\/\/mundo-mainz.de\/en\/wp-json\/wp\/v2\/types\/page"}],"author":[{"embeddable":true,"href":"https:\/\/mundo-mainz.de\/en\/wp-json\/wp\/v2\/users\/1"}],"replies":[{"embeddable":true,"href":"https:\/\/mundo-mainz.de\/en\/wp-json\/wp\/v2\/comments?post=695"}],"version-history":[{"count":8,"href":"https:\/\/mundo-mainz.de\/en\/wp-json\/wp\/v2\/pages\/695\/revisions"}],"predecessor-version":[{"id":1033,"href":"https:\/\/mundo-mainz.de\/en\/wp-json\/wp\/v2\/pages\/695\/revisions\/1033"}],"wp:attachment":[{"href":"https:\/\/mundo-mainz.de\/en\/wp-json\/wp\/v2\/media?parent=695"}],"curies":[{"name":"wp","href":"https:\/\/api.w.org\/{rel}","templated":true}]}}