{"id":690,"date":"2018-02-21T13:36:56","date_gmt":"2018-02-21T12:36:56","guid":{"rendered":"http:\/\/mundo-mainz.de\/en\/?page_id=690"},"modified":"2025-12-11T09:25:38","modified_gmt":"2025-12-11T08:25:38","slug":"downloads","status":"publish","type":"page","link":"https:\/\/mundo-mainz.de\/en\/downloads\/","title":{"rendered":"Downloads"},"content":{"rendered":"[mk_page_section bg_color=&#8221;#ddd4c1&#8243; bg_repeat=&#8221;no-repeat&#8221; padding_top=&#8221;100&#8243; padding_bottom=&#8221;80&#8243; sidebar=&#8221;sidebar-1&#8243;][vc_column][mk_fancy_title tag_name=&#8221;h1&#8243; color=&#8221;#25396b&#8221; size=&#8221;60&#8243; force_font_size=&#8221;true&#8221; size_tablet=&#8221;40&#8243; size_phone=&#8221;30&#8243; txt_transform=&#8221;capitalize&#8221; letter_spacing=&#8221;1&#8243; margin_bottom=&#8221;0&#8243; font_family=&#8221;Playfair+Display&#8221; font_type=&#8221;google&#8221;]Downloads[\/mk_fancy_title][\/vc_column][\/mk_page_section][mk_page_section layout_structure=&#8221;half_right&#8221; bg_image=&#8221;http:\/\/mundo-mainz.de\/wordpress\/wp-content\/uploads\/2016\/04\/martin-mundo-63-von-80.jpg&#8221; bg_color=&#8221;#ffffff&#8221; padding_top=&#8221;120&#8243; padding_bottom=&#8221;120&#8243;][vc_column][mk_font_icons icon=&#8221;mk-icon-barcode&#8221; color=&#8221;#c89c00&#8243; size=&#8221;large&#8221; align=&#8221;center&#8221;][mk_ornamental_title tag_name=&#8221;h4&#8243; text_color=&#8221;#c89c00&#8243; font_family=&#8221;Playfair+Display&#8221; font_type=&#8221;google&#8221; font_size=&#8221;24&#8243; font_weight=&#8221;bold&#8221; txt_transform=&#8221;capitalize&#8221; ornament_style=&#8221;lemo-single&#8221; nss_align=&#8221;center&#8221; ornament_color=&#8221;#c89c00&#8243; margin_top=&#8221;20&#8243; margin_bottom=&#8221;60&#8243;]Productlists[\/mk_ornamental_title][vc_column_text disable_pattern=&#8221;false&#8221; align=&#8221;center&#8221; margin_bottom=&#8221;80&#8243; css=&#8221;.vc_custom_1523363828590{margin-bottom: 80px !important;}&#8221;]\n<ul class=\"downloads\">\n<li><a href=\"http:\/\/mundo-mainz.de\/downloads\/Essenzen_Likoere_SW.pdf\" target=\"_blank\" rel=\"noopener\">Nat\u00fcrliche Essenzen, Grundstoffe f\u00fcr Lik\u00f6re, Bittere und Kr\u00e4uterlik\u00f6re (german)<\/a><br \/>\npdf-file<\/li>\n<li><a href=\"http:\/\/mundo-mainz.de\/downloads\/Essenzen_Likoere_SW_EN.pdf\" target=\"_blank\" rel=\"noopener\">Natural Flavors and Essences (english)<\/a><br \/>\npdf-file<\/li>\n<li><a href=\"http:\/\/mundo-mainz.de\/downloads\/karamell_couleur_2_sw.pdf\" target=\"_blank\" rel=\"noopener\">Karamell &amp; Zuckercouleur sowie Zuckerwaren (german)<\/a><br \/>\npdf-file<\/li>\n<li><a href=\"http:\/\/mundo-mainz.de\/downloads\/caramels_EN.pdf\" target=\"_blank\" rel=\"noopener\">Caramel and burnt sugar syrup (english)<\/a><br \/>\npdf-file<\/li>\n<li><a href=\"http:\/\/mundo-mainz.de\/downloads\/ethanol_brantweine_sw.pdf\" target=\"_blank\" rel=\"noopener\">Ethanol und technische Branntweine (german)<\/a><br \/>\npdf-file<\/li>\n<li><a href=\"http:\/\/mundo-mainz.de\/downloads\/alcohols_EN.pdf\" target=\"_blank\" rel=\"noopener\">Alcohol &amp; Industrial Alcohol (english)<\/a><br \/>\npdf-file<\/li>\n<li><a href=\"http:\/\/mundo-mainz.de\/downloads\/Bio-Broschuere_DE.pdf\" target=\"_blank\" rel=\"noopener\">Bio-Produktbrosch\u00fcre (german)<\/a><br \/>\npdf-file<\/li>\n<li><a href=\"http:\/\/mundo-mainz.de\/downloads\/Bio-Broschuere_EN.pdf\" target=\"_blank\" rel=\"noopener\">List of organic products (english)<\/a><br \/>\npdf-file<\/li>\n<li><a href=\"http:\/\/mundo-mainz.de\/downloads\/Bio-Broschuere_FR.pdf\" target=\"_blank\" rel=\"noopener\">Liste des produits agriculture biologique certifi\u00e9e (fran\u00e7ais)<\/a><br \/>\npdf-file<\/li>\n<\/ul>\n[\/vc_column_text][\/vc_column][\/mk_page_section][mk_page_section layout_structure=&#8221;half_left&#8221; bg_image=&#8221;http:\/\/mundo-mainz.de\/wordpress\/wp-content\/uploads\/2016\/04\/martin-mundo-70-von-80.jpg&#8221; bg_color=&#8221;#ffffff&#8221; padding_top=&#8221;120&#8243; padding_bottom=&#8221;120&#8243;][vc_column][mk_font_icons icon=&#8221;mk-moon-folder-3&#8243; color=&#8221;#c89c00&#8243; size=&#8221;large&#8221; align=&#8221;center&#8221;][mk_ornamental_title tag_name=&#8221;h4&#8243; text_color=&#8221;#c89c00&#8243; font_family=&#8221;Playfair+Display&#8221; font_type=&#8221;google&#8221; font_size=&#8221;24&#8243; font_weight=&#8221;bold&#8221; txt_transform=&#8221;capitalize&#8221; ornament_style=&#8221;lemo-single&#8221; nss_align=&#8221;center&#8221; ornament_color=&#8221;#c89c00&#8243; margin_top=&#8221;20&#8243; margin_bottom=&#8221;60&#8243;]Certificates[\/mk_ornamental_title][vc_column_text disable_pattern=&#8221;false&#8221; align=&#8221;center&#8221; margin_bottom=&#8221;80&#8243; css=&#8221;.vc_custom_1765441530327{margin-bottom: 80px !important;}&#8221;]\n<ul class=\"downloads\">\n<li><a href=\"https:\/\/mundo-mainz.de\/wordpress\/wp-content\/uploads\/2025\/10\/bio_31.01.2026_mm_de.pdf\" target=\"_blank\" rel=\"noopener\">Bio-Zertifikat (deutsch)<\/a><br \/>\npdf-Datei<\/li>\n<li><a href=\"https:\/\/mundo-mainz.de\/wordpress\/wp-content\/uploads\/2025\/10\/bio_31.01.2026_mm_en.pdf\" target=\"_blank\" rel=\"noopener\">Bio-Certificate (english)<\/a><br \/>\npdf-Datei<\/li>\n<li><a href=\"https:\/\/mundo-mainz.de\/wordpress\/wp-content\/uploads\/2024\/12\/bio_zert_31.01.2026_mwm_de.pdf\" target=\"_blank\" rel=\"noopener\">M &amp; W Mundo oHG &#8211; Bio Zertifikat (deutsch)<\/a><br \/>\npdf-Datei<\/li>\n<li><a href=\"https:\/\/mundo-mainz.de\/wordpress\/wp-content\/uploads\/2025\/10\/kosher_2026okt_mm.pdf\" target=\"_blank\" rel=\"noopener\">Kosher-Certificate (english)<\/a><br \/>\npdf-Datei<\/li>\n<li><a href=\"https:\/\/mundo-mainz.de\/wordpress\/wp-content\/uploads\/2025\/10\/zertifikat-iso-9001_martin-mund-ohg.pdf\" target=\"_blank\" rel=\"noopener\">ISO 9001:2015 &#8211; Zertifikat (deutsch)<\/a><br \/>\npdf-Datei<\/li>\n<li><a href=\"https:\/\/mundo-mainz.de\/wordpress\/wp-content\/uploads\/2025\/12\/zertifikat-iso-9001-martin-mundo-ohg_en.pdf\" target=\"_blank\" rel=\"noopener\">ISO 9001:2015 &#8211; Certificate (english)<\/a><br \/>\npdf-Datei<\/li>\n<\/ul>\n[\/vc_column_text][\/vc_column][\/mk_page_section][mk_page_section bg_image=&#8221;http:\/\/mundo-mainz.de\/wordpress\/wp-content\/uploads\/2016\/04\/caramel.jpg&#8221; bg_repeat=&#8221;no-repeat&#8221; bg_stretch=&#8221;true&#8221; video_color_mask=&#8221;#210200&#8243; min_height=&#8221;526&#8243; js_vertical_centered=&#8221;true&#8221; padding_top=&#8221;30&#8243; el_class=&#8221;newsletter&#8221; sidebar=&#8221;sidebar-1&#8243;][vc_column width=&#8221;1\/6&#8243;][\/vc_column][vc_column width=&#8221;2\/3&#8243;][mk_fancy_title tag_name=&#8221;h4&#8243; color=&#8221;#ffffff&#8221; size=&#8221;36&#8243; force_font_size=&#8221;true&#8221; size_tablet=&#8221;20&#8243; size_phone=&#8221;20&#8243; font_weight=&#8221;400&#8243; txt_transform=&#8221;uppercase&#8221; letter_spacing=&#8221;1&#8243; margin_bottom=&#8221;40&#8243; font_family=&#8221;Playfair+Display&#8221; font_type=&#8221;google&#8221; align=&#8221;center&#8221; el_class=&#8221;white&#8221;]\n<p class=\"p1\">Subscribe to our newsletter and receive current offers and promotions.<\/p>\n[\/mk_fancy_title][vc_column_text css=&#8221;.vc_custom_1511438604151{margin-bottom: 0px !important;}&#8221;]<script>(function() {\n\twindow.mc4wp = window.mc4wp || {\n\t\tlisteners: [],\n\t\tforms: {\n\t\t\ton: function(evt, cb) {\n\t\t\t\twindow.mc4wp.listeners.push(\n\t\t\t\t\t{\n\t\t\t\t\t\tevent   : evt,\n\t\t\t\t\t\tcallback: cb\n\t\t\t\t\t}\n\t\t\t\t);\n\t\t\t}\n\t\t}\n\t}\n})();\n<\/script><!-- Mailchimp for WordPress v4.9.0 - https:\/\/wordpress.org\/plugins\/mailchimp-for-wp\/ --><form id=\"mc4wp-form-1\" class=\"mc4wp-form mc4wp-form-502\" method=\"post\" data-id=\"502\" data-name=\"Newsletter\" ><div class=\"mc4wp-form-fields\"><div class=\"vc_col-sm-12\"><label>Email: <\/label><\/div>\r\n<div class=\"vc_col-sm-8\">\r\n  <input type=\"email\" name=\"EMAIL\" placeholder=\"Email\" required style=\"width:100%;\" \/>\r\n<\/div>\r\n<div class=\"vc_col-sm-4\"><input type=\"submit\" class=\"submit\" value=\"Senden\" style=\"width:100%; border-radius:0;\" \/><\/div>\r\n<div style=\"clear:both;\">\r\n  \r\n<\/div>\r\n<\/div><label style=\"display: none !important;\">Leave this field empty if you're human: <input type=\"text\" name=\"_mc4wp_honeypot\" value=\"\" tabindex=\"-1\" autocomplete=\"off\" \/><\/label><input type=\"hidden\" name=\"_mc4wp_timestamp\" value=\"1776216636\" \/><input type=\"hidden\" name=\"_mc4wp_form_id\" value=\"502\" \/><input type=\"hidden\" name=\"_mc4wp_form_element_id\" value=\"mc4wp-form-1\" \/><div class=\"mc4wp-response\"><\/div><\/form><!-- \/ Mailchimp for WordPress Plugin -->[\/vc_column_text][\/vc_column][vc_column width=&#8221;1\/6&#8243;][\/vc_column][\/mk_page_section]\n","protected":false},"excerpt":{"rendered":"<p>[mk_page_section bg_color=&#8221;#ddd4c1&#8243; bg_repeat=&#8221;no-repeat&#8221; padding_top=&#8221;100&#8243; padding_bottom=&#8221;80&#8243; sidebar=&#8221;sidebar-1&#8243;][vc_column][mk_fancy_title tag_name=&#8221;h1&#8243; color=&#8221;#25396b&#8221; size=&#8221;60&#8243; force_font_size=&#8221;true&#8221; size_tablet=&#8221;40&#8243; size_phone=&#8221;30&#8243; txt_transform=&#8221;capitalize&#8221; letter_spacing=&#8221;1&#8243; margin_bottom=&#8221;0&#8243; font_family=&#8221;Playfair+Display&#8221; font_type=&#8221;google&#8221;]Downloads[\/mk_fancy_title][\/vc_column][\/mk_page_section][mk_page_section layout_structure=&#8221;half_right&#8221; bg_image=&#8221;http:\/\/mundo-mainz.de\/wordpress\/wp-content\/uploads\/2016\/04\/martin-mundo-63-von-80.jpg&#8221; bg_color=&#8221;#ffffff&#8221; padding_top=&#8221;120&#8243; padding_bottom=&#8221;120&#8243;][vc_column][mk_font_icons icon=&#8221;mk-icon-barcode&#8221; color=&#8221;#c89c00&#8243; size=&#8221;large&#8221; align=&#8221;center&#8221;][mk_ornamental_title tag_name=&#8221;h4&#8243; text_color=&#8221;#c89c00&#8243; font_family=&#8221;Playfair+Display&#8221; font_type=&#8221;google&#8221; font_size=&#8221;24&#8243; font_weight=&#8221;bold&#8221; txt_transform=&#8221;capitalize&#8221; ornament_style=&#8221;lemo-single&#8221; nss_align=&#8221;center&#8221; ornament_color=&#8221;#c89c00&#8243; margin_top=&#8221;20&#8243; margin_bottom=&#8221;60&#8243;]Productlists[\/mk_ornamental_title][vc_column_text disable_pattern=&#8221;false&#8221; align=&#8221;center&#8221; margin_bottom=&#8221;80&#8243; css=&#8221;.vc_custom_1523363828590{margin-bottom: 80px !important;}&#8221;] Nat\u00fcrliche Essenzen, Grundstoffe f\u00fcr Lik\u00f6re, Bittere und Kr\u00e4uterlik\u00f6re (german) pdf-file Natural [&hellip;]<\/p>\n","protected":false},"author":1,"featured_media":0,"parent":0,"menu_order":0,"comment_status":"closed","ping_status":"closed","template":"","meta":[],"_links":{"self":[{"href":"https:\/\/mundo-mainz.de\/en\/wp-json\/wp\/v2\/pages\/690"}],"collection":[{"href":"https:\/\/mundo-mainz.de\/en\/wp-json\/wp\/v2\/pages"}],"about":[{"href":"https:\/\/mundo-mainz.de\/en\/wp-json\/wp\/v2\/types\/page"}],"author":[{"embeddable":true,"href":"https:\/\/mundo-mainz.de\/en\/wp-json\/wp\/v2\/users\/1"}],"replies":[{"embeddable":true,"href":"https:\/\/mundo-mainz.de\/en\/wp-json\/wp\/v2\/comments?post=690"}],"version-history":[{"count":35,"href":"https:\/\/mundo-mainz.de\/en\/wp-json\/wp\/v2\/pages\/690\/revisions"}],"predecessor-version":[{"id":1500,"href":"https:\/\/mundo-mainz.de\/en\/wp-json\/wp\/v2\/pages\/690\/revisions\/1500"}],"wp:attachment":[{"href":"https:\/\/mundo-mainz.de\/en\/wp-json\/wp\/v2\/media?parent=690"}],"curies":[{"name":"wp","href":"https:\/\/api.w.org\/{rel}","templated":true}]}}